{"id":2698,"date":"2024-07-25T08:13:37","date_gmt":"2024-07-25T06:13:37","guid":{"rendered":"https:\/\/217arquitectura.com\/politica-de-cookies\/"},"modified":"2024-10-31T11:48:04","modified_gmt":"2024-10-31T10:48:04","slug":"politica-de-cookies","status":"publish","type":"page","link":"https:\/\/www.217arquitectura.com\/es\/politica-de-cookies\/","title":{"rendered":"POL\u00cdTICA DE COOKIES"},"content":{"rendered":"\t\t<div data-elementor-type=\"wp-page\" data-elementor-id=\"2698\" class=\"elementor elementor-2698 elementor-2464\" data-elementor-post-type=\"page\">\n\t\t\t\t<div class=\"elementor-element elementor-element-5785d425 e-flex e-con-boxed e-con e-parent\" data-id=\"5785d425\" data-element_type=\"container\">\n\t\t\t\t\t<div class=\"e-con-inner\">\n\t\t\t\t<div class=\"elementor-element elementor-element-48ac7cb0 elementor-widget elementor-widget-heading\" data-id=\"48ac7cb0\" data-element_type=\"widget\" data-widget_type=\"heading.default\">\n\t\t\t\t\t<h1 class=\"elementor-heading-title elementor-size-default\">Pol\u00edtica de cookies<\/h1>\t\t\t\t<\/div>\n\t\t\t\t\t<\/div>\n\t\t\t\t<\/div>\n\t\t<div class=\"elementor-element elementor-element-2b517e35 e-flex e-con-boxed e-con e-parent\" data-id=\"2b517e35\" data-element_type=\"container\">\n\t\t\t\t\t<div class=\"e-con-inner\">\n\t\t\t\t<div class=\"elementor-element elementor-element-43757a7b elementor-widget elementor-widget-text-editor\" data-id=\"43757a7b\" data-element_type=\"widget\" data-widget_type=\"text-editor.default\">\n\t\t\t\t\t\t\t\t\t<p class=\"p1\"><b><span class=\"s1\">INFORMACI\u00d3<\/span> <span class=\"s1\">SOBRE<\/span> <span class=\"s1\">COOKIES<\/span><\/b><\/p>\n<p class=\"p2\">Conforme con la Ley 34\/2002, de 11 de julio, de servicios de la sociedad de la informaci\u00f3n y de comercio electr\u00f3nico (LSSI), en relaci\u00f3n con el Reglamento (UE) 2016\/679 del Parlamento Europeo y del Consejo, de 27 de abril de 2016, General de Protecci\u00f3n de Datos (GDPR) y la Ley Org\u00e1nica 3\/2018, de 5 de diciembre, de Protecci\u00f3n de Datos y Garant\u00eda de los Derechos Digitales (LOPDGDD), es obligado obtener el consentimiento expreso del usuario de todas las p\u00e1ginas web que usan cookies prescindibles, antes de que este navegue por ellas.<\/p>\n<p class=\"p2\"><b> <\/b><\/p>\n<p class=\"p2\"><b>QU\u00c8 S\u00d3N LES <span class=\"s1\">COOKIES?<\/span><\/b><\/p>\n<p class=\"p2\">Las <i>cookies<\/i> y otras tecnolog\u00edas similares tales como local shared objects, flash <i>cookies<\/i> o p\u00edxeles, son herramientas empleadas por los servidores Web para almacenar y recuperar informaci\u00f3n acerca de sus visitantes, as\u00ed como para ofrecer un correcto funcionamiento del sitio.<\/p>\n<p class=\"p4\">Mediante el uso de estos dispositivos se permite al servidor Web recordar algunos datos concernientes al usuario, como sus preferencias para la visualizaci\u00f3n de las p\u00e1ginas de ese servidor, nombre y contrase\u00f1a, productos que m\u00e1s le interesan, etc.<\/p>\n<p class=\"p3\"><b><i> <\/i><\/b><\/p>\n<p class=\"p3\"><b><i>COOKIES<\/i> AFECTADAS POR LA NORMATIVA Y COOKIES <span class=\"s1\">EXCEPTUADAS<\/span><\/b><\/p>\n<p class=\"p2\">Seg\u00fan la directiva de la UE, las <i>cookies<\/i> que requieren el consentimiento informado por parte del usuario son las <i>cookies<\/i> de anal\u00edtica y las de publicidad y afiliaci\u00f3n, quedando exceptuadas las de car\u00e1cter t\u00e9cnico y las necesarias para el funcionamiento del sitio web o la prestaci\u00f3n de servicios expresamente solicitados por el usuario.<\/p>\n<p class=\"p3\"><b> <\/b><\/p>\n<p class=\"p3\"><b>TIPOS DE <span class=\"s1\">COOKIES<\/span><\/b><\/p>\n<p class=\"p3\"><b>SEG\u00daN LA FINALIDAD<\/b><\/p>\n\n<ul class=\"ul1\">\n \t<li class=\"li6\"><b><i>Cookies <\/i>t\u00e8cniques i funcionals<\/b>: s\u00f3n les que permeten a l\u2019usuari navegar a trav\u00e9s d\u2019una p\u00e0gina web, plataforma o aplicaci\u00f3 i utilitzar les diferents opcions o serveis que hi hagi<i>.<\/i><\/li>\n \t<li class=\"li7\"><i><b>Cookies anal\u00edticas:<\/b><\/i> son aquellas que permiten al responsable de las mismas el seguimiento y an\u00e1lisis del comportamiento de los usuarios de los sitios web a los que est\u00e1n vinculadas. La informaci\u00f3n recogida mediante este tipo de <i>cookies<\/i> se utiliza en la medici\u00f3n de la actividad de los sitios web, aplicaci\u00f3n o plataforma y para la elaboraci\u00f3n de perfiles de navegaci\u00f3n de los usuarios de dichos sitios, aplicaciones y plataformas, con el fin de introducir mejoras en funci\u00f3n del an\u00e1lisis de los datos de uso que hacen los usuarios del servicio. <\/li>\n \t<li class=\"li7\"><b><i>Cookies<\/i> publicitarias: <\/b>son aquellas que permiten la gesti\u00f3n, de la forma m\u00e1s eficaz posible, de los espacios publicitarios que, en su caso, el editor haya incluido en una p\u00e1gina web, aplicaci\u00f3n o plataforma desde la que presta el servicio solicitado en base a criterios como el contenido editado o la frecuencia en la que se muestran los anuncios.<\/li>\n \t<li class=\"li7\"><b><i>Cookies<\/i> de publicidad comportamental:<\/b> recogen informaci\u00f3n sobre las preferencias y elecciones personales del usuario (<i>retargeting<\/i>) para permitir la gesti\u00f3n, de la forma m\u00e1s eficaz posible, de los espacios publicitarios que, en su caso, el editor haya incluido en una p\u00e1gina web, aplicaci\u00f3n o plataforma desde la que presta el servicio solicitado.<\/li>\n \t<li class=\"li7\"><b><i>Cookies<\/i> sociales:<\/b> son establecidas por las plataformas de redes sociales en los servicios para permitirle compartir contenido con sus amigos y redes. Las plataformas de medios sociales tienen la capacidad de rastrear su actividad en l\u00ednea fuera de los Servicios. Esto puede afectar al contenido y los mensajes que ve en otros servicios que visita.  <\/li>\n \t<li class=\"li7\"><b><i>Cookies<\/i> de afiliados:<\/b> permiten hacer un seguimiento de las visitas procedentes de otras webs, con las que el sitio web establece un contrato de afiliaci\u00f3n (empresas de afiliaci\u00f3n).<\/li>\n \t<li class=\"li7\"><b><i>Cookies<\/i> de seguridad:<\/b> almacenan informaci\u00f3n cifrada para evitar que los datos guardados en ellas sean vulnerables a ataques maliciosos de terceros.<\/li>\n<\/ul>\n<p class=\"p9\"><b> <\/b><\/p>\n<p class=\"p9\"><b>SEG\u00daN LA <span class=\"s1\">PROPIEDAD<\/span><\/b><\/p>\n\n<ul class=\"ul1\">\n \t<li class=\"li6\"><b><i>Cookies<\/i> propias:<\/b> son aquellas que se env\u00edan al equipo terminal del usuario desde un equipo o dominio gestionado por el propio editor y desde el que se presta el servicio solicitado por el usuario.<\/li>\n \t<li class=\"li7\"><b><i>Cookies<\/i> de terceros:<\/b> son aquellas que se env\u00edan al equipo terminal del usuario desde un equipo o dominio que no es gestionado por el editor, sino por otra entidad que trata los datos obtenidos trav\u00e9s de las cookies.<\/li>\n<\/ul>\n<p class=\"p11\"><b> <\/b><\/p>\n<p class=\"p11\"><b>SEG\u00daN EL PLAZO DE <span class=\"s1\">CONSERVACI\u00d3N<\/span><\/b><\/p>\n\n<ul class=\"ul1\">\n \t<li class=\"li12\"><b><i>Cookies<\/i> de sesi\u00f3n:<\/b> son un tipo de <i>cookies<\/i> dise\u00f1adas para recabar y almacenar datos mientras el usuario accede a una p\u00e1gina web.<\/li>\n \t<li class=\"li7\"><b><i>Cookies<\/i> persistentes:<\/b> son un tipo de cookies en el que los datos siguen almacenados en el terminal y pueden ser accedidos y tratados durante un per\u00edodo definido por el responsable de la <i>cookie<\/i>, y que puede ir de unos minutos a varios a\u00f1os.<\/li>\n<\/ul>\n<p class=\"p13\"><b> <\/b><\/p>\n<p class=\"p13\"><b>TRATAMIENTO DE DATOS <span class=\"s1\">PERSONALES<\/span><\/b><\/p>\n<p class=\"p15\">2.17 ARQUITECTURA es el <b>Responsable del tratamiento<\/b> de los datos personales del <b>Interesado<\/b> y le informa de que estos datos ser\u00e1n tratados de conformidad con lo dispuesto en el Reglamento (UE) 2016\/679, de 27 de abril de 2016 (GDPR), por lo que se le facilita la siguiente informaci\u00f3n del tratamiento:<\/p>\n<p class=\"p16\"><b>Fines del tratamiento:<\/b> seg\u00fan se especifica en el apartado de <i>cookies<\/i> que se utilizan en este sitio <span class=\"s3\">web.<\/span><\/p>\n<p class=\"p17\"><b>Legitimaci\u00f3n del tratamiento: <\/b>salvo en los casos en los que resulte necesario para la navegaci\u00f3n por la web, por consentimiento del interesado (art. 6.1.a GDPR).<\/p>\n<p class=\"p16\"><b>Criterios de conservaci\u00f3n de los datos:<\/b> seg\u00fan se especifica en el apartado de <i>cookies<\/i> utilizadas en la <span class=\"s3\">web.<\/span><\/p>\n<p class=\"p18\"><b>Comunicaci\u00f3n de los datos:<\/b> no se comunicar\u00e1n los datos a terceros, excepto en cookies propiedad de terceros o por obligaci\u00f3n legal.<\/p>\n<p class=\"p3\">Derechos que asisten al <span class=\"s1\">Interesado<b>:<\/b><\/span><\/p>\n\n<ul class=\"ul1\">\n \t<li class=\"li19\">Derecho a retirar el consentimiento en cualquier <span class=\"s1\">momento.<\/span><\/li>\n \t<li class=\"li20\">Derecho de acceso, rectificaci\u00f3n, portabilidad y supresi\u00f3n de sus datos, y de limitaci\u00f3n u oposici\u00f3n a su <span class=\"s1\">tratamiento.<\/span><\/li>\n \t<li class=\"li21\">Derecho a presentar una reclamaci\u00f3n ante la Autoridad de control (www.aepd.es) si considera que el tratamiento no se ajusta a la normativa vigente.<\/li>\n<\/ul>\n<p class=\"p22\">Datos de contacto para ejercer sus <span class=\"s1\">derechos:<\/span><\/p>\n<p class=\"p2\">2.17 ARQUITECTURA. Carrer Marti d&#8217;Ardenya, 6 B &#8211; 43001 Tarragona. E-mail: <span class=\"s1\">info@217arquitectura.com<\/span>  <\/p>\n<p class=\"p22\"><b> <\/b><\/p>\n<p class=\"p22\"><b>COOKIES UTILIZADAS EN ESTE SITIO <span class=\"s3\">WEB<\/span><\/b><\/p>\n<p class=\"p24\"><b>COOKIES CONTROLADAS POR EL EDITOR<\/b><\/p>\n<p class=\"p25\"><b>T\u00e9cnicas y funcionales<\/b><\/p>\n\n<table class=\"t1\" cellspacing=\"0\" cellpadding=\"0\">\n<tbody>\n<tr>\n<td class=\"td1\" valign=\"middle\">\n<p class=\"p30\"><span class=\"s1\"><b>Propiedad<\/b><\/span><\/p>\n<\/td>\n<td class=\"td1\" valign=\"middle\">\n<p class=\"p31\"><span class=\"s1\"><b>Cookie<\/b><\/span><\/p>\n<\/td>\n<td class=\"td1\" valign=\"middle\">\n<p class=\"p31\"><span class=\"s1\"><b>Finalidad<\/b><\/span><\/p>\n<\/td>\n<td class=\"td1\" valign=\"middle\">\n<p class=\"p31\"><span class=\"s3\"><b>Plazo<\/b><\/span><\/p>\n<\/td>\n<\/tr>\n<tr>\n<td class=\"td1\" valign=\"middle\">\n<p class=\"p32\"><span class=\"s1\">217arquitectura.com<\/span><\/p>\n<\/td>\n<td class=\"td1\" valign=\"middle\">\n<p class=\"p32\"><span class=\"s1\"><b>bSession<\/b><\/span><\/p>\n<\/td>\n<td class=\"td1\" valign=\"middle\">\n<p class=\"p33\">Cookie necesaria para la utilizaci\u00f3n de las opciones y servicios del sitio web<\/p>\n<\/td>\n<td class=\"td1\" valign=\"middle\">\n<p class=\"p32\"><span class=\"s1\">Sesi\u00f3n<\/span><\/p>\n<\/td>\n<\/tr>\n<tr>\n<td class=\"td1\" valign=\"middle\">\n<p class=\"p32\"><span class=\"s1\">217arquitectura.com<\/span><\/p>\n<\/td>\n<td class=\"td1\" valign=\"middle\">\n<p class=\"p32\"><span class=\"s3\"><b>hs<\/b><\/span><\/p>\n<\/td>\n<td class=\"td1\" valign=\"middle\">\n<p class=\"p33\">Cookie necesaria para la utilizaci\u00f3n de las opciones y servicios del sitio web<\/p>\n<\/td>\n<td class=\"td1\" valign=\"middle\">\n<p class=\"p32\"><span class=\"s1\">Sesi\u00f3n<\/span><\/p>\n<\/td>\n<\/tr>\n<tr>\n<td class=\"td1\" valign=\"middle\">\n<p class=\"p32\"><span class=\"s1\">217arquitectura.com<\/span><\/p>\n<\/td>\n<td class=\"td1\" valign=\"middle\">\n<p class=\"p32\"><b>ssr-<\/b><span class=\"s1\"><b>caching<\/b><\/span><\/p>\n<\/td>\n<td class=\"td1\" valign=\"middle\">\n<p class=\"p33\">Cookie necesaria para la utilizaci\u00f3n de las opciones y servicios del sitio web<\/p>\n<\/td>\n<td class=\"td1\" valign=\"middle\">\n<p class=\"p32\"><span class=\"s1\">Sesi\u00f3n<\/span><\/p>\n<\/td>\n<\/tr>\n<tr>\n<td class=\"td1\" valign=\"middle\">\n<p class=\"p32\"><span class=\"s1\">217arquitectura.com<\/span><\/p>\n<\/td>\n<td class=\"td1\" valign=\"middle\">\n<p class=\"p32\"><span class=\"s1\"><b>svSession<\/b><\/span><\/p>\n<\/td>\n<td class=\"td1\" valign=\"middle\">\n<p class=\"p33\">Cookie necesaria para la utilizaci\u00f3n de las opciones y servicios del sitio web<\/p>\n<\/td>\n<td class=\"td1\" valign=\"middle\">\n<p class=\"p32\">en un <span class=\"s3\">a\u00f1o<\/span><\/p>\n<\/td>\n<\/tr>\n<tr>\n<td class=\"td1\" valign=\"middle\"><\/td>\n<td class=\"td1\" valign=\"middle\">\n<p class=\"p32\"><b>XSRF-<\/b><span class=\"s1\"><b>TOKEN<\/b><\/span><\/p>\n<\/td>\n<td class=\"td1\" valign=\"middle\">\n<p class=\"p33\">Esta cookie se coloca para ayudar con la seguridad del sitio en la prevenci\u00f3n de ataques entre sitios de falsificaci\u00f3n de petici\u00f3n.<\/p>\n<\/td>\n<td class=\"td1\" valign=\"middle\">\n<p class=\"p32\"><span class=\"s1\">Sesi\u00f3n<\/span><\/p>\n<\/td>\n<\/tr>\n<\/tbody>\n<\/table>\n<p class=\"p35\"><b> <\/b><\/p>\n<p class=\"p35\"><b>COOKIES DE TERCEROS<\/b><\/p>\n<p class=\"p25\">Los servicios de terceros son ajenos al control del editor. Los proveedores pueden modificar en todo momento sus condiciones de servicio, finalidad y utilizaci\u00f3n de las cookies, etc. <\/p>\n<p class=\"p22\">Proveedores externos de este sitio <span class=\"s3\">web:<\/span><\/p>\n<p class=\"p36\"><span class=\"s1\">No se instalan cookies controladas por terceros<\/span><\/p>\n<p class=\"p37\"><span class=\"s1\">No se instalan cookies controladas por terceros<\/span><\/p>\n<p class=\"p39\"><b> <\/b><\/p>\n<p class=\"p39\"><b>PANEL DE CONFIGURACI\u00d3N DE COOKIES<\/b><\/p>\n<p class=\"p40\">Desde este panel podr\u00e1 configurar las cookies que el sitio web puede instalar en su navegador, excepto las cookies t\u00e9cnicas o funcionales que son necesarias para la navegaci\u00f3n y la utilizaci\u00f3n de las diferentes opciones o servicios que <span class=\"s1\">se ofrecen.<\/span><\/p>\n<p class=\"p42\"><a href=\"#\"><span class=\"s13\">Panel<\/span> <span class=\"s13\">de<\/span> <span class=\"s16\">cookies<\/span><\/a><\/p>\n\n<table class=\"t1\" cellspacing=\"0\" cellpadding=\"0\">\n<tbody>\n<tr>\n<td class=\"td1\" colspan=\"2\" valign=\"middle\">\n<p class=\"p45\"><b>C\u00d3MO GESTIONAR LAS COOKIES DESDE EL NAVEGADOR<\/b><\/p>\n<\/td>\n<\/tr>\n<tr>\n<td class=\"td1\" valign=\"middle\">\n<p class=\"p47\"><span class=\"s1\"><b>Eliminar las cookies del dispositivo<\/b><\/span><\/p>\n<\/td>\n<td class=\"td1\" valign=\"middle\">\n<p class=\"p33\">Las cookies que ya est\u00e1n en un dispositivo se pueden eliminar borrando el historial del navegador, con lo que se suprimen las cookies de todos los sitios web visitados.<\/p>\n<p class=\"p47\">Sin embargo, tambi\u00e9n se puede perder parte de la informaci\u00f3n guardada (por ejemplo, los datos de inicio de sesi\u00f3n o las preferencias de sitio web).<\/p>\n<\/td>\n<\/tr>\n<tr>\n<td class=\"td1\" valign=\"middle\">\n<p class=\"p33\"><span class=\"s1\"><b>Gestionar las cookies espec\u00edficas del sitio<\/b><\/span><\/p>\n<\/td>\n<td class=\"td1\" valign=\"middle\">\n<p class=\"p33\">Para tener un control m\u00e1s preciso de las cookies espec\u00edficas de cada sitio, los usuarios pueden ajustar su configuraci\u00f3n de privacidad y cookies en el navegador.<\/p>\n<\/td>\n<\/tr>\n<tr>\n<td class=\"td1\" valign=\"middle\">\n<p class=\"p47\"><b>Bloquear las cookies<\/b><\/p>\n<\/td>\n<td class=\"td1\" valign=\"middle\">\n<p class=\"p33\">Aunque la mayor\u00eda de los navegadores modernos se pueden configurar para evitar que se instalen <span class=\"s1\">cookies en los dispositivos, eso puede obligar al ajuste manual de determinadas preferencias cada<\/span> vez que se visite un sitio o p\u00e1gina. Adem\u00e1s, algunos servicios y caracter\u00edsticas pueden no funcionar correctamente (por ejemplo, los inicios de sesi\u00f3n con perfil). <\/p>\n<\/td>\n<\/tr>\n<\/tbody>\n<\/table>\n<table class=\"t1\" cellspacing=\"0\" cellpadding=\"0\">\n<tbody>\n<tr>\n<td class=\"td1\" colspan=\"2\" valign=\"middle\">\n<p class=\"p49\"><b>C\u00d3MO ELIMINAR LAS COOKIES DE LOS NAVEGADORES M\u00c1S COMUNES<\/b><\/p>\n<\/td>\n<\/tr>\n<tr>\n<td class=\"td1\" valign=\"middle\">\n<p class=\"p50\"><span class=\"s1\"><b>Chrome<\/b><\/span><\/p>\n<\/td>\n<td class=\"td1\" valign=\"middle\">\n<p class=\"p51\"><span class=\"s16\">http:\/\/support.google.com\/chrome\/answer\/95647?hl=es<\/span><\/p>\n<\/td>\n<\/tr>\n<tr>\n<td class=\"td1\" valign=\"middle\">\n<p class=\"p50\"><span class=\"s3\"><b>Edge<\/b><\/span><\/p>\n<\/td>\n<td class=\"td1\" valign=\"middle\">\n<p class=\"p51\"><span class=\"s13\">https:\/\/support.microsoft.com\/es-es\/microsoft-edge\/eliminar-las-cookies-en-microsoft-edge-63947406-40ac-c3b8-57b9-<\/span><span class=\"s16\">2a946a29ae09<\/span><\/p>\n<\/td>\n<\/tr>\n<tr>\n<td class=\"td1\" valign=\"middle\">\n<p class=\"p50\"><span class=\"s1\"><b>Explorer<\/b><\/span><\/p>\n<\/td>\n<td class=\"td1\" valign=\"middle\">\n<p class=\"p51\"><span class=\"s13\">https:\/\/support.microsoft.com\/es-es\/help\/278835\/how-to-delete-cookie-files-in-internet-<\/span><span class=\"s16\">explorer<\/span><\/p>\n<\/td>\n<\/tr>\n<tr>\n<td class=\"td1\" valign=\"middle\">\n<p class=\"p50\"><span class=\"s1\"><b>Firefox<\/b><\/span><\/p>\n<\/td>\n<td class=\"td1\" valign=\"middle\">\n<p class=\"p51\"><span class=\"s16\">https:\/\/www.mozilla.org\/es-ES\/privacy\/websites\/#cookies<\/span><\/p>\n<\/td>\n<\/tr>\n<tr>\n<td class=\"td1\" valign=\"middle\">\n<p class=\"p50\"><span class=\"s1\"><b>Safari<\/b><\/span><\/p>\n<\/td>\n<td class=\"td1\" valign=\"middle\">\n<p class=\"p51\"><span class=\"s13\">https:\/\/support.apple.com\/es-<\/span><span class=\"s16\">es\/guide\/safari\/sfri11471\/mac<\/span><\/p>\n<\/td>\n<\/tr>\n<tr>\n<td class=\"td1\" valign=\"middle\">\n<p class=\"p50\"><span class=\"s1\"><b>Opera<\/b><\/span><\/p>\n<\/td>\n<td class=\"td1\" valign=\"middle\">\n<p class=\"p51\"><span class=\"s13\">https:\/\/help.opera.com\/en\/latest\/security-and-<\/span><span class=\"s16\">privacy\/#clearBrowsingData<\/span><\/p>\n<\/td>\n<\/tr>\n<\/tbody>\n<\/table>\t\t\t\t\t\t\t\t<\/div>\n\t\t\t\t\t<\/div>\n\t\t\t\t<\/div>\n\t\t\t\t<\/div>\n\t\t","protected":false},"excerpt":{"rendered":"<p>Pol\u00edtica de cookies INFORMACI\u00d3 SOBRE COOKIES Conforme con la Ley 34\/2002, de 11 de julio, de servicios de la sociedad de la informaci\u00f3n y de comercio electr\u00f3nico (LSSI), en relaci\u00f3n con el Reglamento (UE) 2016\/679 del Parlamento Europeo y del Consejo, de 27 de abril de 2016, General de Protecci\u00f3n de Datos (GDPR) y la [&hellip;]<\/p>\n","protected":false},"author":1,"featured_media":0,"parent":0,"menu_order":1002,"comment_status":"closed","ping_status":"closed","template":"","meta":{"_acf_changed":false,"footnotes":""},"class_list":["post-2698","page","type-page","status-publish","hentry"],"acf":[],"_links":{"self":[{"href":"https:\/\/www.217arquitectura.com\/es\/wp-json\/wp\/v2\/pages\/2698","targetHints":{"allow":["GET"]}}],"collection":[{"href":"https:\/\/www.217arquitectura.com\/es\/wp-json\/wp\/v2\/pages"}],"about":[{"href":"https:\/\/www.217arquitectura.com\/es\/wp-json\/wp\/v2\/types\/page"}],"author":[{"embeddable":true,"href":"https:\/\/www.217arquitectura.com\/es\/wp-json\/wp\/v2\/users\/1"}],"replies":[{"embeddable":true,"href":"https:\/\/www.217arquitectura.com\/es\/wp-json\/wp\/v2\/comments?post=2698"}],"version-history":[{"count":1,"href":"https:\/\/www.217arquitectura.com\/es\/wp-json\/wp\/v2\/pages\/2698\/revisions"}],"predecessor-version":[{"id":3126,"href":"https:\/\/www.217arquitectura.com\/es\/wp-json\/wp\/v2\/pages\/2698\/revisions\/3126"}],"wp:attachment":[{"href":"https:\/\/www.217arquitectura.com\/es\/wp-json\/wp\/v2\/media?parent=2698"}],"curies":[{"name":"wp","href":"https:\/\/api.w.org\/{rel}","templated":true}]}}